{"id":543,"date":"2023-03-23T08:21:48","date_gmt":"2023-03-23T08:21:48","guid":{"rendered":"https:\/\/bewerbung.pomberger.com\/?page_id=543"},"modified":"2023-03-23T08:33:54","modified_gmt":"2023-03-23T08:33:54","slug":"bewerben-fuer-schnuppertag","status":"publish","type":"page","link":"https:\/\/bewerbung.pomberger.com\/?page_id=543","title":{"rendered":"Bewerben f\u00fcr Schnuppertag"},"content":{"rendered":"<p>[et_pb_section fb_built=&#8220;1&#8243; fullwidth=&#8220;on&#8220; _builder_version=&#8220;4.16&#8243; global_colors_info=&#8220;{}&#8220;][et_pb_fullwidth_slider _builder_version=&#8220;4.20.2&#8243; background_image=&#8220;https:\/\/bewerbung.pomberger.com\/\/wp-content\/uploads\/2023\/03\/schnuppertag.jpg&#8220; global_colors_info=&#8220;{}&#8220;][et_pb_slide heading=&#8220;Bewerben f\u00fcr Schnuppertag&#8220; use_bg_overlay=&#8220;on&#8220; _builder_version=&#8220;4.20.2&#8243; background_image=&#8220;https:\/\/bewerbung.pomberger.com\/\/wp-content\/uploads\/2023\/03\/schnuppertag.jpg&#8220; background_enable_image=&#8220;on&#8220; global_colors_info=&#8220;{}&#8220; sticky_transition=&#8220;on&#8220;][\/et_pb_slide][\/et_pb_fullwidth_slider][\/et_pb_section][et_pb_section fb_built=&#8220;1&#8243; _builder_version=&#8220;4.16&#8243; global_colors_info=&#8220;{}&#8220;][et_pb_row _builder_version=&#8220;4.16&#8243; global_colors_info=&#8220;{}&#8220;][et_pb_column type=&#8220;4_4&#8243; _builder_version=&#8220;4.16&#8243; custom_padding=&#8220;|||&#8220; global_colors_info=&#8220;{}&#8220; custom_padding__hover=&#8220;|||&#8220;][et_pb_blurb use_icon=&#8220;on&#8220; _builder_version=&#8220;4.20.2&#8243; global_colors_info=&#8220;{}&#8220;]<\/p>\n<p>Du w\u00fcrdest gerne einen oder mehrere Tage bei uns im Team POMBERGER schnuppern? Wir freuen uns auf deine Bewerbung.<\/p>\n<p>[\/et_pb_blurb][et_pb_blurb title=&#8220;SCHNUPPERTAG IM BEREICH E-COMMERCE&#8220; use_icon=&#8220;on&#8220; _builder_version=&#8220;4.20.2&#8243; global_colors_info=&#8220;{}&#8220;]<\/p>\n<p>Arbeiten am Computer geh\u00f6rt f\u00fcr dich quasi zum Alltag? Du liebst Abwechslung? Dann bist du bei uns genau richtig. Egal ob Marketing, Accounting, Einkauf oder Logistik, bei uns f\u00fchlt man sich in allen Bereichen wohl.<\/p>\n<p>[\/et_pb_blurb][et_pb_image src=&#8220;https:\/\/bewerbung.pomberger.com\/\/wp-content\/uploads\/2023\/03\/prak02.jpg&#8220; title_text=&#8220;prak02&#8243; align=&#8220;center&#8220; _builder_version=&#8220;4.20.2&#8243; width=&#8220;550px&#8220; width_tablet=&#8220;&#8220; width_phone=&#8220;100%&#8220; width_last_edited=&#8220;on|phone&#8220; global_colors_info=&#8220;{}&#8220;][\/et_pb_image][et_pb_blurb title=&#8220;SCHNUPPERTAG IM BEREICH PROZESSTECHNIK&#8220; use_icon=&#8220;on&#8220; _builder_version=&#8220;4.20.2&#8243; global_colors_info=&#8220;{}&#8220;]<\/p>\n<p>Du besitzt handwerkliches Geschick? Du arbeitest gerne mit kleinen und gro\u00dfen Maschinen? Bekomme Einblick in unsere Produktion und hilf mit eine Brille zu kreieren, die Menschen weltweit gl\u00fccklich macht.<\/p>\n<p>[\/et_pb_blurb][et_pb_image src=&#8220;https:\/\/bewerbung.pomberger.com\/\/wp-content\/uploads\/2023\/03\/prak03.jpg&#8220; title_text=&#8220;prak03&#8243; align=&#8220;center&#8220; _builder_version=&#8220;4.20.2&#8243; width=&#8220;550px&#8220; width_tablet=&#8220;&#8220; width_phone=&#8220;100%&#8220; width_last_edited=&#8220;on|phone&#8220; global_colors_info=&#8220;{}&#8220;][\/et_pb_image][\/et_pb_column][\/et_pb_row][et_pb_row _builder_version=&#8220;4.16&#8243; custom_padding=&#8220;0|0px|27px|0px|false|false&#8220; global_colors_info=&#8220;{}&#8220;][et_pb_column type=&#8220;4_4&#8243; _builder_version=&#8220;4.16&#8243; custom_padding=&#8220;|||&#8220; global_colors_info=&#8220;{}&#8220; custom_padding__hover=&#8220;|||&#8220;][et_pb_blurb title=&#8220;DEINE Dienstzeiten&#8220; use_icon=&#8220;on&#8220; _builder_version=&#8220;4.20.2&#8243; global_colors_info=&#8220;{}&#8220;]<\/p>\n<p>Nach Absprache<\/p>\n<p>[\/et_pb_blurb][\/et_pb_column][\/et_pb_row][et_pb_row _builder_version=&#8220;4.16&#8243; global_colors_info=&#8220;{}&#8220;][et_pb_column type=&#8220;4_4&#8243; _builder_version=&#8220;4.16&#8243; custom_padding=&#8220;|||&#8220; global_colors_info=&#8220;{}&#8220; custom_padding__hover=&#8220;|||&#8220;][et_pb_blurb title=&#8220;Deine Bewerbung&#8220; use_icon=&#8220;on&#8220; _builder_version=&#8220;4.16&#8243; global_colors_info=&#8220;{}&#8220;]<\/p>\n<p><span>Danke f\u00fcr dein Interesse. Der erste Schritt deiner Bewerbung kann nur \u00fcber die Webseite erfolgen.\u00a0Aufgrund dessen bitten wir um dein Verst\u00e4ndnis, dass wir pers\u00f6nliche Bewerbungen leider nicht akzeptieren k\u00f6nnen.<\/span><\/p>\n<p>[\/et_pb_blurb][\/et_pb_column][\/et_pb_row][et_pb_row _builder_version=&#8220;4.16&#8243; global_colors_info=&#8220;{}&#8220;][et_pb_column type=&#8220;4_4&#8243; _builder_version=&#8220;4.16&#8243; custom_padding=&#8220;|||&#8220; global_colors_info=&#8220;{}&#8220; custom_padding__hover=&#8220;|||&#8220;][et_pb_button button_url=&#8220;https:\/\/forms.gle\/cEj4Cm94ddWAQc9h7&#8243; url_new_window=&#8220;on&#8220; button_text=&#8220;Jetzt online Bewerben&#8220; button_alignment=&#8220;center&#8220; _builder_version=&#8220;4.20.2&#8243; global_colors_info=&#8220;{}&#8220;][\/et_pb_button][\/et_pb_column][\/et_pb_row][\/et_pb_section]<\/p>\n","protected":false},"excerpt":{"rendered":"<p>Du w\u00fcrdest gerne einen oder mehrere Tage bei uns im Team POMBERGER schnuppern? Wir freuen uns auf deine Bewerbung.Arbeiten am Computer geh\u00f6rt f\u00fcr dich quasi zum Alltag? Du liebst Abwechslung? Dann bist du bei uns genau richtig. Egal ob Marketing, Accounting, Einkauf oder Logistik, bei uns f\u00fchlt man sich in allen Bereichen wohl.Du besitzt handwerkliches [&hellip;]<\/p>\n","protected":false},"author":3,"featured_media":0,"parent":0,"menu_order":0,"comment_status":"closed","ping_status":"closed","template":"","meta":{"_et_pb_use_builder":"on","_et_pb_old_content":"","_et_gb_content_width":"","footnotes":""},"class_list":["post-543","page","type-page","status-publish","hentry"],"_links":{"self":[{"href":"https:\/\/bewerbung.pomberger.com\/index.php?rest_route=\/wp\/v2\/pages\/543","targetHints":{"allow":["GET"]}}],"collection":[{"href":"https:\/\/bewerbung.pomberger.com\/index.php?rest_route=\/wp\/v2\/pages"}],"about":[{"href":"https:\/\/bewerbung.pomberger.com\/index.php?rest_route=\/wp\/v2\/types\/page"}],"author":[{"embeddable":true,"href":"https:\/\/bewerbung.pomberger.com\/index.php?rest_route=\/wp\/v2\/users\/3"}],"replies":[{"embeddable":true,"href":"https:\/\/bewerbung.pomberger.com\/index.php?rest_route=%2Fwp%2Fv2%2Fcomments&post=543"}],"version-history":[{"count":0,"href":"https:\/\/bewerbung.pomberger.com\/index.php?rest_route=\/wp\/v2\/pages\/543\/revisions"}],"wp:attachment":[{"href":"https:\/\/bewerbung.pomberger.com\/index.php?rest_route=%2Fwp%2Fv2%2Fmedia&parent=543"}],"curies":[{"name":"wp","href":"https:\/\/api.w.org\/{rel}","templated":true}]}}