{"id":445,"date":"2021-03-23T07:00:00","date_gmt":"2021-03-23T07:00:00","guid":{"rendered":"https:\/\/bewerbung.pomberger.com\/?page_id=445"},"modified":"2025-01-24T09:34:05","modified_gmt":"2025-01-24T08:34:05","slug":"bewerben-als-lehrling-e-commerce","status":"publish","type":"page","link":"https:\/\/bewerbung.pomberger.com\/?page_id=445","title":{"rendered":"Bewerben als Lehrling (E-Commerce)"},"content":{"rendered":"<p>[et_pb_section fb_built=&#8220;1&#8243; fullwidth=&#8220;on&#8220; _builder_version=&#8220;4.16&#8243; global_colors_info=&#8220;{}&#8220;][et_pb_fullwidth_slider _builder_version=&#8220;4.16&#8243; background_image=&#8220;https:\/\/bewerbung.pomberger.com\/\/wp-content\/uploads\/2019\/02\/produktion.jpg&#8220; global_colors_info=&#8220;{}&#8220;][et_pb_slide heading=&#8220;Bewerben als Lehrling (E-Commerce)&#8220; use_bg_overlay=&#8220;on&#8220; _builder_version=&#8220;4.16&#8243; background_image=&#8220;https:\/\/bewerbung.pomberger.com\/\/wp-content\/uploads\/2021\/03\/E-Commerce_Titelbild.jpg&#8220; background_enable_image=&#8220;on&#8220; global_colors_info=&#8220;{}&#8220; sticky_transition=&#8220;on&#8220;][\/et_pb_slide][\/et_pb_fullwidth_slider][\/et_pb_section][et_pb_section fb_built=&#8220;1&#8243; _builder_version=&#8220;4.16&#8243; global_colors_info=&#8220;{}&#8220;][et_pb_row _builder_version=&#8220;4.16&#8243; global_colors_info=&#8220;{}&#8220;][et_pb_column type=&#8220;4_4&#8243; _builder_version=&#8220;4.16&#8243; custom_padding=&#8220;|||&#8220; global_colors_info=&#8220;{}&#8220; custom_padding__hover=&#8220;|||&#8220;][et_pb_blurb title=&#8220;BerufsProfil: E-Commerce&#8220; use_icon=&#8220;on&#8220; _builder_version=&#8220;4.16&#8243; global_colors_info=&#8220;{}&#8220;]<\/p>\n<p>Aufgrund des stetigen Wachstums im Online-Handel ist der Lehrberuf E-Commerce-Kaufmann\/E-Commerce-Kauffrau eine zukunftsorientierte und gefragte Ausbildung. E-Commerce-Kaufleute sind f\u00fcr die Betreuung von Onlineshops, Webshops und Internet-Verkaufsplattformen und halten die Webseiten der Onlineshops auf dem aktuellen Stand. Sie nehmen die Online-Bestellungen der Kundinnen und Kunden auf und leiten diese an die Vertriebs- und Logistik-Abteilung weiter. Wichtig ist dabei auch Vertriebs- und Logistikketten genau zu kennen und mit ihnen entsprechend Pl\u00e4ne aufzustellen.<\/p>\n<p>[\/et_pb_blurb][et_pb_image src=&#8220;https:\/\/bewerbung.pomberger.com\/\/wp-content\/uploads\/2021\/03\/web-3967926-scaled.jpg&#8220; align=&#8220;center&#8220; _builder_version=&#8220;4.16&#8243; width=&#8220;550px&#8220; width_tablet=&#8220;&#8220; width_phone=&#8220;100%&#8220; width_last_edited=&#8220;on|phone&#8220; global_colors_info=&#8220;{}&#8220;][\/et_pb_image][et_pb_blurb use_icon=&#8220;on&#8220; _builder_version=&#8220;4.16&#8243; global_colors_info=&#8220;{}&#8220;]<\/p>\n<p>E-Commerce-Kaufleute \u00fcbernehmen auch buchhalterische Aufgaben wie die Kontrolle der Online-Bezahlung der Kundinnen und Kunden. Weiters k\u00f6nnen sie auch f\u00fcr Kundenberatung oder f\u00fcr die Bearbeitung von Reklamationen zust\u00e4ndig sein.<\/p>\n<p><a>Nicht nur der Business-to-Business<\/a><span>\u00a0<\/span>Bereich (Online An- und Verkauf zwischen Unternehmen) ist ein weiterer wertvoller Aufgabenbereich, sondern auch in Teilen des\u00a0<a>Marketings<\/a><span>\u00a0<\/span>sind sie t\u00e4tig. In diesem Einsatzfeld analysieren sie mittels Datensammlung und Verkaufszahlen das Such- und Kaufverhalten der Kundinnen und Kunden und erstellen auf dieser Grundlage Online Werbe- und Marketingkampagnen. Sie entwickeln und betreuen Bewertungsfunktionen und reagieren auf Kundenbewertungen.<\/p>\n<p>[\/et_pb_blurb][et_pb_image src=&#8220;https:\/\/bewerbung.pomberger.com\/\/wp-content\/uploads\/2021\/03\/ecommerce.jpg&#8220; align=&#8220;center&#8220; _builder_version=&#8220;4.16&#8243; width=&#8220;550px&#8220; width_tablet=&#8220;&#8220; width_phone=&#8220;100%&#8220; width_last_edited=&#8220;on|phone&#8220; global_colors_info=&#8220;{}&#8220;][\/et_pb_image][et_pb_blurb use_icon=&#8220;on&#8220; _builder_version=&#8220;4.16&#8243; global_colors_info=&#8220;{}&#8220;]<\/p>\n<p>E-Commerce-Kaufleute arbeiten an der Schnittstelle zwischen Einkauf, Produktion, Waren- und Lagerwirtschaft eines Unternehmens und haben daher auch Kontakt zu den jeweiligen Abteilungen. F\u00fcr ihre Arbeit ben\u00f6tigen E-Commerce-Kaufleute sowohl technisches (IT\/Web) als auch kaufm\u00e4nnisches Know-how und sollten das Warensortiment ihres Unternehmens sehr gut kennen.<\/p>\n<p>[\/et_pb_blurb][\/et_pb_column][\/et_pb_row][et_pb_row _builder_version=&#8220;4.16&#8243; custom_padding=&#8220;27px|0px|40px|0px|false|false&#8220; global_colors_info=&#8220;{}&#8220;][et_pb_column type=&#8220;4_4&#8243; _builder_version=&#8220;4.16&#8243; custom_padding=&#8220;|||&#8220; global_colors_info=&#8220;{}&#8220; custom_padding__hover=&#8220;|||&#8220;][et_pb_blurb title=&#8220;Deine Ausbildung beinhaltet:&#8220; use_icon=&#8220;on&#8220; _builder_version=&#8220;4.16&#8243; global_colors_info=&#8220;{}&#8220;]<\/p>\n<ul>\n<li><span>Internet-Verkaufsportale betreuen, <br \/>z. B. Produkt- und Preisinformationen online stellen<\/span><\/li>\n<li><span>Online-Bestellungen entgegennehmen, pr\u00fcfen, weiterleiten bzw. bearbeiten<\/span><\/li>\n<li><span>Datenbanken nutzen, z. B. um den Warenbestand zu \u00fcberpr\u00fcfen<\/span><\/li>\n<li><span>Das Kaufverhalten und Suchabfragen von KundInnen analysieren<\/span><\/li>\n<li><span>EDV System verstehen \u2013 Betriebssysteme, Hardware, Software und Netzwerk<\/span><\/li>\n<li><span>Im Marketing mitarbeiten (Social Media, Newsletter)<\/span><\/li>\n<li><span>KundInnen betreuen und Reklamationen bearbeiten<\/span><\/li>\n<li><span>Im Rechnungswesen mitarbeiten, z. B. Buchf\u00fchrung, Belege pr\u00fcfen<\/span><\/li>\n<li><span>In der Logistik mitarbeiten, z. B. Bestellungen zusammenpacken und versenden<\/span><\/li>\n<\/ul>\n<p>Dauer der Ausbildung: <strong>3<\/strong>\u00a0Jahre <em>(Berufsschule V\u00f6cklabruck)<br \/> <\/em><br \/> <span style=\"font-size: 14px;\">Optional kann neben dem Lehrberuf auch der Maturaabschluss gemacht werden!\u00a0<\/span><\/p>\n<p>[\/et_pb_blurb][\/et_pb_column][\/et_pb_row][et_pb_row _builder_version=&#8220;4.16&#8243; custom_padding=&#8220;0|0px|27px|0px|false|false&#8220; global_colors_info=&#8220;{}&#8220;][et_pb_column type=&#8220;4_4&#8243; _builder_version=&#8220;4.16&#8243; custom_padding=&#8220;|||&#8220; global_colors_info=&#8220;{}&#8220; custom_padding__hover=&#8220;|||&#8220;][et_pb_blurb title=&#8220;Die Voraussetzungen&#8220; use_icon=&#8220;on&#8220; _builder_version=&#8220;4.16&#8243; global_colors_info=&#8220;{}&#8220;]<\/p>\n<ul>\n<li>Pflichtschulabschluss<\/li>\n<li>Sehr gute EDV-Grundkenntnisse<\/li>\n<li>Basis-Englischkenntnisse<\/li>\n<li>F\u00e4higkeit zum logischen Denken<\/li>\n<\/ul>\n<p>[\/et_pb_blurb][\/et_pb_column][\/et_pb_row][et_pb_row _builder_version=&#8220;4.16&#8243; custom_padding=&#8220;0|0px|0|0px|false|false&#8220; global_colors_info=&#8220;{}&#8220;][et_pb_column type=&#8220;4_4&#8243; _builder_version=&#8220;4.16&#8243; custom_padding=&#8220;|||&#8220; global_colors_info=&#8220;{}&#8220; custom_padding__hover=&#8220;|||&#8220;][et_pb_blurb title=&#8220;Lohn&#8220; use_icon=&#8220;on&#8220; _builder_version=&#8220;4.16&#8243; global_colors_info=&#8220;{}&#8220;]<\/p>\n<p>Brutto-Monatslohn:<\/p>\n<ul>\n<li>1. Lehrjahr: <strong>835,53<\/strong>\u00a0EUR<\/li>\n<li>2. Lehrjahr: <strong>1097,37<\/strong>\u00a0EUR<\/li>\n<li>3. Lehrjahr: <strong>1340,38<\/strong>\u00a0EUR<\/li>\n<li>4. Lehrjahr:\u00a0<strong>1462,82<\/strong>\u00a0EUR<\/li>\n<\/ul>\n<p><em style=\"font-size: 14px;\">Laut Kollektivvertrag, Stand 01.05.2024<\/em><\/p>\n<p>&nbsp;<\/p>\n<p>[\/et_pb_blurb][\/et_pb_column][\/et_pb_row][et_pb_row _builder_version=&#8220;4.16&#8243; custom_padding=&#8220;0|0px|27px|0px|false|false&#8220; global_colors_info=&#8220;{}&#8220;][et_pb_column type=&#8220;4_4&#8243; _builder_version=&#8220;4.16&#8243; custom_padding=&#8220;|||&#8220; global_colors_info=&#8220;{}&#8220; custom_padding__hover=&#8220;|||&#8220;][et_pb_blurb title=&#8220;DEINE Dienstzeiten&#8220; use_icon=&#8220;on&#8220; _builder_version=&#8220;4.17.6&#8243; global_colors_info=&#8220;{}&#8220;]<\/p>\n<p>Vollzeit: <strong>40,0<\/strong>\u00a0h pro Woche<\/p>\n<p>Normalarbeitszeiten: (Verhandelbar)<\/p>\n<ul>\n<li>Mo &#8211; Do:\u00a0 \u00a007:30 &#8211; 17:15<\/li>\n<li>Fr:\u00a0 \u00a0 \u00a0 \u00a0 \u00a0 \u00a0 \u00a0 07:30 &#8211; 12:30<\/li>\n<\/ul>\n<p>Pausenzeiten:<\/p>\n<ul>\n<li><span style=\"font-size: 14px;\">Mo &#8211; Do:\u00a0 \u00a0 12:00 &#8211; 13:00<\/span><\/li>\n<\/ul>\n<p>[\/et_pb_blurb][\/et_pb_column][\/et_pb_row][et_pb_row _builder_version=&#8220;4.16&#8243; global_colors_info=&#8220;{}&#8220;][et_pb_column type=&#8220;4_4&#8243; _builder_version=&#8220;4.16&#8243; custom_padding=&#8220;|||&#8220; global_colors_info=&#8220;{}&#8220; custom_padding__hover=&#8220;|||&#8220;][et_pb_blurb title=&#8220;Deine Bewerbung&#8220; use_icon=&#8220;on&#8220; _builder_version=&#8220;4.16&#8243; global_colors_info=&#8220;{}&#8220;]<\/p>\n<p><span>Danke f\u00fcr dein Interesse. Der erste Schritt deiner Bewerbung kann nur \u00fcber die Webseite erfolgen.\u00a0Aufgrund dessen bitten wir um dein Verst\u00e4ndnis, dass wir pers\u00f6nliche Bewerbungen leider nicht akzeptieren k\u00f6nnen.<\/span><\/p>\n<p>[\/et_pb_blurb][\/et_pb_column][\/et_pb_row][et_pb_row _builder_version=&#8220;4.16&#8243; global_colors_info=&#8220;{}&#8220;][et_pb_column type=&#8220;4_4&#8243; _builder_version=&#8220;4.16&#8243; custom_padding=&#8220;|||&#8220; global_colors_info=&#8220;{}&#8220; custom_padding__hover=&#8220;|||&#8220;][et_pb_button button_url=&#8220;https:\/\/forms.gle\/YTzs4XhDTSdvXZew7&#8243; url_new_window=&#8220;on&#8220; button_text=&#8220;Jetzt online Bewerben&#8220; button_alignment=&#8220;center&#8220; _builder_version=&#8220;4.16&#8243; global_colors_info=&#8220;{}&#8220;][\/et_pb_button][\/et_pb_column][\/et_pb_row][\/et_pb_section][et_pb_section fb_built=&#8220;1&#8243; _builder_version=&#8220;4.16&#8243; global_colors_info=&#8220;{}&#8220;][et_pb_row column_structure=&#8220;3_5,2_5&#8243; _builder_version=&#8220;4.16&#8243; global_colors_info=&#8220;{}&#8220;][et_pb_column type=&#8220;3_5&#8243; _builder_version=&#8220;4.16&#8243; custom_padding=&#8220;|||&#8220; global_colors_info=&#8220;{}&#8220; custom_padding__hover=&#8220;|||&#8220;][et_pb_text _builder_version=&#8220;4.16&#8243; global_colors_info=&#8220;{}&#8220;]<\/p>\n<p>Selbstverst\u00e4ndlich ist auch eine Bewerbung <strong>ohne Google-Account<\/strong> m\u00f6glich. Verwende dazu bitte unser Alternativformular. Solltest du dich dazu entscheiden, sende uns deinen Lebenslauf und weitere relevante Dokumente bitte an <a href=\"mailto:bewerbung@pomberger.com\">bewerbung@pomberger.com<\/a>.<\/p>\n<p>[\/et_pb_text][\/et_pb_column][et_pb_column type=&#8220;2_5&#8243; _builder_version=&#8220;4.16&#8243; custom_padding=&#8220;|||&#8220; global_colors_info=&#8220;{}&#8220; custom_padding__hover=&#8220;|||&#8220;][et_pb_button button_url=&#8220;https:\/\/forms.gle\/J4U5g2ccHjwnL8gv8&#8243; url_new_window=&#8220;on&#8220; button_text=&#8220;Alternativformular&#8220; button_alignment=&#8220;center&#8220; _builder_version=&#8220;4.16&#8243; custom_button=&#8220;on&#8220; button_text_color=&#8220;#9e9e9e&#8220; button_font=&#8220;||||||||&#8220; global_colors_info=&#8220;{}&#8220;][\/et_pb_button][\/et_pb_column][\/et_pb_row][\/et_pb_section]<\/p>\n","protected":false},"excerpt":{"rendered":"<p>Aufgrund des stetigen Wachstums im Online-Handel ist der Lehrberuf E-Commerce-Kaufmann\/E-Commerce-Kauffrau eine zukunftsorientierte und gefragte Ausbildung. E-Commerce-Kaufleute sind f\u00fcr die Betreuung von Onlineshops, Webshops und Internet-Verkaufsplattformen und halten die Webseiten der Onlineshops auf dem aktuellen Stand. Sie nehmen die Online-Bestellungen der Kundinnen und Kunden auf und leiten diese an die Vertriebs- und Logistik-Abteilung weiter. Wichtig ist [&hellip;]<\/p>\n","protected":false},"author":3,"featured_media":0,"parent":0,"menu_order":0,"comment_status":"closed","ping_status":"closed","template":"","meta":{"_et_pb_use_builder":"on","_et_pb_old_content":"<!-- wp:divi\/placeholder \/-->","_et_gb_content_width":"","footnotes":""},"class_list":["post-445","page","type-page","status-publish","hentry"],"_links":{"self":[{"href":"https:\/\/bewerbung.pomberger.com\/index.php?rest_route=\/wp\/v2\/pages\/445","targetHints":{"allow":["GET"]}}],"collection":[{"href":"https:\/\/bewerbung.pomberger.com\/index.php?rest_route=\/wp\/v2\/pages"}],"about":[{"href":"https:\/\/bewerbung.pomberger.com\/index.php?rest_route=\/wp\/v2\/types\/page"}],"author":[{"embeddable":true,"href":"https:\/\/bewerbung.pomberger.com\/index.php?rest_route=\/wp\/v2\/users\/3"}],"replies":[{"embeddable":true,"href":"https:\/\/bewerbung.pomberger.com\/index.php?rest_route=%2Fwp%2Fv2%2Fcomments&post=445"}],"version-history":[{"count":0,"href":"https:\/\/bewerbung.pomberger.com\/index.php?rest_route=\/wp\/v2\/pages\/445\/revisions"}],"wp:attachment":[{"href":"https:\/\/bewerbung.pomberger.com\/index.php?rest_route=%2Fwp%2Fv2%2Fmedia&parent=445"}],"curies":[{"name":"wp","href":"https:\/\/api.w.org\/{rel}","templated":true}]}}