{"id":299,"date":"2019-03-06T14:35:21","date_gmt":"2019-03-06T14:35:21","guid":{"rendered":"https:\/\/bewerbung.pomberger.com\/?page_id=299"},"modified":"2019-03-06T14:35:36","modified_gmt":"2019-03-06T14:35:36","slug":"datenschutz","status":"publish","type":"page","link":"https:\/\/bewerbung.pomberger.com\/?page_id=299","title":{"rendered":"Datenschutz"},"content":{"rendered":"<p>[et_pb_section fb_built=&#8220;1&#8243; fullwidth=&#8220;on&#8220; _builder_version=&#8220;3.19.12&#8243;][et_pb_fullwidth_slider _builder_version=&#8220;3.19.18&#8243; background_image=&#8220;https:\/\/bewerbung.pomberger.com\/\/wp-content\/uploads\/2019\/02\/see.jpg&#8220;][et_pb_slide heading=&#8220;Datenschutz&#8220; use_bg_overlay=&#8220;on&#8220; _builder_version=&#8220;3.19.12&#8243;][\/et_pb_slide][\/et_pb_fullwidth_slider][\/et_pb_section][et_pb_section fb_built=&#8220;1&#8243; _builder_version=&#8220;3.19.12&#8243;][et_pb_row _builder_version=&#8220;3.19.12&#8243;][et_pb_column type=&#8220;4_4&#8243; _builder_version=&#8220;3.19.12&#8243;][et_pb_blurb title=&#8220;Datenschutz-Informationen&#8220; use_icon=&#8220;on&#8220; _builder_version=&#8220;3.19.18&#8243;]<\/p>\n<p><span>Wir bedanken uns f\u00fcr Ihr Interesse an unserer Webseite. Es ist uns ein gro\u00dfes Anliegen, Ihre personenbezogenen Daten sicher zu verarbeiten. Hier finden Sie einen kurzen \u00dcberblick welche Daten wie verwendet werden, und welchen Einfluss Sie darauf haben.<\/span><\/p>\n<p><span><\/span><\/p>\n<p><strong>Daten von Bewerbern<\/strong><\/p>\n<p>Durch das Absenden eines Bewerbungsformulars werden die enthaltenen Angaben und Dateien an uns \u00fcbermittelt. Diese Daten verbleiben normalerweise bis zu 36 Monate in unserem System. In Ausnahmef\u00e4llen bzw. auf Wunsch des Bewerbers kann sich diese L\u00f6schung verz\u00f6gern. Ihre Angaben und Dateien werden streng vertraulich behandelt und unter keinen Umst\u00e4nden, die in unserer Macht stehen, an Dritte weitergegeben, au\u00dfer es wird explizit von Ihnen erw\u00fcnscht.<\/p>\n<p>&nbsp;<\/p>\n<p><strong>Verwendung von Cookies und Einsatz von Google Analytics zur Webanalyse<\/strong><\/p>\n<p>Um die Verwendung dieser Webseite so gem\u00fctlich wie m\u00f6glich zu gestalten, werden m\u00f6glicherweise sogenannte Cookies erfasst. Das sind kleine Dateien, die auf dem Ger\u00e4t gespeichert werden, mit dem Sie die Webseite besuchen. Solche Cookies k\u00f6nnen einzeln oder gesammelt \u00fcber Ihren Browser gel\u00f6scht, bzw. blockiert werden. Es kann sein, dass gewisse Funktionen dieser Webseite nach der Blockierung dieser Cookies nicht mehr so funktionieren wie gew\u00fcnscht.<\/p>\n<p>Diese Webseite benutzt au\u00dferdem Google Analytics \u2013 ein Webanalysedienst der Google Inc. (<a href=\"http:\/\/www.google.at\/\">www.google.at<\/a>). Dieser Dienst n\u00fctzt unter anderem solche Cookies, um Daten \u00fcber die Verwendung dieser Webseite zu erfassen und zu speichern. Diese \u00dcbertragung geschieht normalerweise an einen Server von Google in den USA. Durch Aktivierung der IP-Anonymisierung wird Ihre IP-Adresse aber normalerweise vor der \u00dcbermittlung gek\u00fcrzt. Nur in Ausnahmef\u00e4llen kann es passieren, dass Ihre IP-Adresse erst nach der \u00dcbermittlung gek\u00fcrzt wird. So oder so wird Ihre IP-Adresse durch unsere Verwendung von Google Analytics nicht mit anderen Daten von Google kombiniert.<\/p>\n<p>Wenn Sie nicht m\u00f6chten, dass Google Analytics \u00fcber Ihren Browser allgemein (sprich auf keiner Webseite, die Sie besuchen) Ihre IP-Adresse und Verwendungsdaten erfasst, k\u00f6nnen Sie folgendes Browser-Plugin installieren:<span>\u00a0<\/span><a href=\"https:\/\/tools.google.com\/dlpage\/gaoptout?hl=de\">https:\/\/tools.google.com\/dlpage\/gaoptout?hl=de<\/a><\/p>\n<p>&nbsp;<\/p>\n<p><strong>Ihre Rechte<\/strong><\/p>\n<p>Sie haben ein Recht auf Auskunft \u00fcber die von uns gespeicherten Daten zu Ihrer Person. Zus\u00e4tzlich haben Sie ein Recht auf Berichtigung, L\u00f6schung und Einschr\u00e4nkung bzw. teilweiser Sperrung dieser Daten. Alle diese Leistungen geschehen unentgeltlich. Sollten Sie eine oder mehrere dieser Leistungen in Anspruch nehmen wollen, wenden Sie sich bitte an:<\/p>\n<p>POMBERGER Goisern GmbH<br \/>Au 131<br \/>4822 Bad Goisern a.H.<br \/>+43 6135 7465<br \/><a href=\"mailto:datenschutz@pomberger.com\">datenschutz@pomberger.com<\/a><\/p>\n<p>[\/et_pb_blurb][\/et_pb_column][\/et_pb_row][\/et_pb_section]<\/p>\n","protected":false},"excerpt":{"rendered":"<p>Wir bedanken uns f\u00fcr Ihr Interesse an unserer Webseite. Es ist uns ein gro\u00dfes Anliegen, Ihre personenbezogenen Daten sicher zu verarbeiten. Hier finden Sie einen kurzen \u00dcberblick welche Daten wie verwendet werden, und welchen Einfluss Sie darauf haben. Daten von Bewerbern Durch das Absenden eines Bewerbungsformulars werden die enthaltenen Angaben und Dateien an uns \u00fcbermittelt. [&hellip;]<\/p>\n","protected":false},"author":1,"featured_media":0,"parent":0,"menu_order":0,"comment_status":"closed","ping_status":"closed","template":"","meta":{"_et_pb_use_builder":"on","_et_pb_old_content":"","_et_gb_content_width":"","footnotes":""},"class_list":["post-299","page","type-page","status-publish","hentry"],"_links":{"self":[{"href":"https:\/\/bewerbung.pomberger.com\/index.php?rest_route=\/wp\/v2\/pages\/299","targetHints":{"allow":["GET"]}}],"collection":[{"href":"https:\/\/bewerbung.pomberger.com\/index.php?rest_route=\/wp\/v2\/pages"}],"about":[{"href":"https:\/\/bewerbung.pomberger.com\/index.php?rest_route=\/wp\/v2\/types\/page"}],"author":[{"embeddable":true,"href":"https:\/\/bewerbung.pomberger.com\/index.php?rest_route=\/wp\/v2\/users\/1"}],"replies":[{"embeddable":true,"href":"https:\/\/bewerbung.pomberger.com\/index.php?rest_route=%2Fwp%2Fv2%2Fcomments&post=299"}],"version-history":[{"count":0,"href":"https:\/\/bewerbung.pomberger.com\/index.php?rest_route=\/wp\/v2\/pages\/299\/revisions"}],"wp:attachment":[{"href":"https:\/\/bewerbung.pomberger.com\/index.php?rest_route=%2Fwp%2Fv2%2Fmedia&parent=299"}],"curies":[{"name":"wp","href":"https:\/\/api.w.org\/{rel}","templated":true}]}}