{"id":277,"date":"2019-03-06T13:39:46","date_gmt":"2019-03-06T13:39:46","guid":{"rendered":"https:\/\/bewerbung.pomberger.com\/?page_id=277"},"modified":"2021-07-02T08:16:49","modified_gmt":"2021-07-02T08:16:49","slug":"bewerben-als-berufspraktikant-in-buero","status":"publish","type":"page","link":"https:\/\/bewerbung.pomberger.com\/?page_id=277","title":{"rendered":"Bewerben als Berufspraktikant\/in (B\u00fcro)"},"content":{"rendered":"<p>[et_pb_section fb_built=&#8220;1&#8243; fullwidth=&#8220;on&#8220; _builder_version=&#8220;3.22&#8243;][et_pb_fullwidth_slider _builder_version=&#8220;3.19.12&#8243; background_image=&#8220;https:\/\/bewerbung.pomberger.com\/\/wp-content\/uploads\/2019\/02\/b\u00fcro.jpg&#8220;][et_pb_slide heading=&#8220;Bewerben als Berufspraktikant\/in (B\u00fcro)&#8220; use_bg_overlay=&#8220;on&#8220; _builder_version=&#8220;3.19.12&#8243;][\/et_pb_slide][\/et_pb_fullwidth_slider][\/et_pb_section][et_pb_section fb_built=&#8220;1&#8243; _builder_version=&#8220;3.22&#8243;][et_pb_row _builder_version=&#8220;3.25&#8243;][et_pb_column type=&#8220;4_4&#8243; _builder_version=&#8220;3.25&#8243; custom_padding=&#8220;|||&#8220; custom_padding__hover=&#8220;|||&#8220;][et_pb_blurb title=&#8220;Berufspraxis&#8220; use_icon=&#8220;on&#8220; _builder_version=&#8220;3.19.12&#8243;]<\/p>\n<p>Bei uns kannst du durch ein Berufspraktikum Erfahrungen im B\u00fcroalltag sammeln. Willkommen sind sowohl Bewerbungen im Rahmen eines verpflichtenden Praktikums (z.B. von einer h\u00f6heren Schule), als auch auf freiwilliger Basis (z.B. Ferialjob).<\/p>\n<p>[\/et_pb_blurb][\/et_pb_column][\/et_pb_row][et_pb_row _builder_version=&#8220;3.25&#8243;][et_pb_column type=&#8220;4_4&#8243; _builder_version=&#8220;3.25&#8243; custom_padding=&#8220;|||&#8220; custom_padding__hover=&#8220;|||&#8220;][et_pb_blurb title=&#8220;Deine Aufgabengebiete&#8220; use_icon=&#8220;on&#8220; _builder_version=&#8220;3.19.12&#8243;]<\/p>\n<ul>\n<li>Verwaltung und Administration<\/li>\n<li>Datenpflege<\/li>\n<li>Schriftverkehr<\/li>\n<li>Rechnungswesen<\/li>\n<li>Logistik<\/li>\n<\/ul>\n<p>[\/et_pb_blurb][\/et_pb_column][\/et_pb_row][et_pb_row _builder_version=&#8220;3.25&#8243; custom_padding=&#8220;0|0px|27px|0px|false|false&#8220;][et_pb_column type=&#8220;4_4&#8243; _builder_version=&#8220;3.25&#8243; custom_padding=&#8220;|||&#8220; custom_padding__hover=&#8220;|||&#8220;][et_pb_blurb title=&#8220;Unsere Anforderungen an dich&#8220; use_icon=&#8220;on&#8220; _builder_version=&#8220;3.19.12&#8243;]<\/p>\n<ul>\n<li>Beherrschung der Deutschen Rechtschreibung<\/li>\n<li>EDV Grundkenntnisse<\/li>\n<li>MS-Office Grundkenntnisse<\/li>\n<li>Gute Englisch-Kenntnisse<\/li>\n<li>Gewissenhafte Arbeitsweise<\/li>\n<li>Lernbereitschaft<\/li>\n<\/ul>\n<p>[\/et_pb_blurb][\/et_pb_column][\/et_pb_row][et_pb_row _builder_version=&#8220;3.25&#8243; custom_padding=&#8220;0|0px|0|0px|false|false&#8220;][et_pb_column type=&#8220;4_4&#8243; _builder_version=&#8220;3.25&#8243; custom_padding=&#8220;|||&#8220; custom_padding__hover=&#8220;|||&#8220;][et_pb_blurb title=&#8220;Das Gehalt&#8220; use_icon=&#8220;on&#8220; _builder_version=&#8220;3.19.12&#8243;]<\/p>\n<p>Richtet sich nach dem Kollektivvertrag und danach, wie viele Pflichtpraktika du bereits gemacht hast. Bei Schnuppertagen w\u00e4hrend der Schulzeit wird kein Gehalt ausbezahlt.<\/p>\n<p>&nbsp;<\/p>\n<p>[\/et_pb_blurb][\/et_pb_column][\/et_pb_row][et_pb_row _builder_version=&#8220;3.25&#8243; custom_padding=&#8220;0|0px|27px|0px|false|false&#8220;][et_pb_column type=&#8220;4_4&#8243; _builder_version=&#8220;3.25&#8243; custom_padding=&#8220;|||&#8220; custom_padding__hover=&#8220;|||&#8220;][et_pb_blurb title=&#8220;Deine Dienstzeiten&#8220; use_icon=&#8220;on&#8220; _builder_version=&#8220;3.19.12&#8243;]<\/p>\n<p>Vollzeit: <strong>38,5<\/strong> h pro Woche<\/p>\n<p>Normalarbeitszeiten:<\/p>\n<ul>\n<li>Mo &#8211; Do:\u00a0 \u00a008:00 &#8211; 17:00<\/li>\n<li>Fr:\u00a0 \u00a0 \u00a0 \u00a0 \u00a0 \u00a0 \u00a0 08:00 &#8211; 12:30<\/li>\n<\/ul>\n<p>Pausenzeiten:<\/p>\n<ul>\n<li>Mo &#8211; Do:\u00a0 \u00a0 12:00 &#8211; 12:30<\/li>\n<\/ul>\n<p>Teilzeit: <span>Ist je nach Vereinbarung nat\u00fcrlich auch m\u00f6glich.<\/span><\/p>\n<p>[\/et_pb_blurb][\/et_pb_column][\/et_pb_row][et_pb_row _builder_version=&#8220;3.25&#8243;][et_pb_column type=&#8220;4_4&#8243; _builder_version=&#8220;3.25&#8243; custom_padding=&#8220;|||&#8220; custom_padding__hover=&#8220;|||&#8220;][et_pb_blurb title=&#8220;Deine Bewerbung&#8220; use_icon=&#8220;on&#8220; _builder_version=&#8220;3.19.12&#8243;]<\/p>\n<p><span>Danke f\u00fcr dein Interesse. Der erste Schritt deiner Bewerbung kann nur \u00fcber die Webseite erfolgen.\u00a0Aufgrund dessen bitten wir um dein Verst\u00e4ndnis, dass wir pers\u00f6nliche Bewerbungen leider nicht akzeptieren k\u00f6nnen.<\/span><\/p>\n<p>[\/et_pb_blurb][\/et_pb_column][\/et_pb_row][et_pb_row _builder_version=&#8220;3.25&#8243;][et_pb_column type=&#8220;4_4&#8243; _builder_version=&#8220;3.25&#8243; custom_padding=&#8220;|||&#8220; custom_padding__hover=&#8220;|||&#8220;][et_pb_button button_url=&#8220;https:\/\/goo.gl\/forms\/v6EAvSKpsPBlPuqF2&#8243; url_new_window=&#8220;on&#8220; button_text=&#8220;Jetzt online Bewerben&#8220; button_alignment=&#8220;center&#8220; _builder_version=&#8220;3.19.12&#8243;][\/et_pb_button][\/et_pb_column][\/et_pb_row][et_pb_row _builder_version=&#8220;4.4.1&#8243; min_height=&#8220;837px&#8220;][et_pb_column _builder_version=&#8220;4.4.1&#8243; type=&#8220;4_4&#8243;][et_pb_blurb title=&#8220;Was praktikanten bei Pomberger goisern erlebt haben&#8220; _builder_version=&#8220;4.4.1&#8243; hover_enabled=&#8220;0&#8243; use_icon=&#8220;on&#8220; font_icon=&#8220;%%151%%&#8220; background_color=&#8220;rgba(12,113,195,0.08)&#8220; custom_padding=&#8220;25px||0px|||&#8220; min_height=&#8220;826px&#8220;]<\/p>\n<p>&nbsp;<\/p>\n<p>My experience in the POMBERGER company<\/p>\n<p>When I came for the first time in the company POMBERGER, I was entitled to a warm from the whole team of the firm.<\/p>\n<p>During the first days, the POMBERGER team took the time to explain to me every job I had to do. And they had also answers to all of my many questions.<\/p>\n<p>The working atmosphere within the company is always good, relax and favourable to work. If you have problems with something, there will always be someone to help you.<br \/> We can feel within the company that people are happy to work here.<\/p>\n<p>Another fantastic thing is the breakfast time on friday morning\u00a0where we could discuss everything with the members of the team.<\/p>\n<p>I\u2019ve accomplished a lot of different tasks there. For example, I was able to prepare parcels for sending to the different customers, but I was also able to reorganize the stock of frames and temples.<\/p>\n<p>Thanks to this internship, I was able to improve my level in English and German, but I also could see how the shipping part of a company works.<\/p>\n<p>Finally, I was able to learn a lot more about the field of optics that I did not know much about.<\/p>\n<p>I thank the whole team for their welcome!<\/p>\n<p><em>Alexis<\/em><\/p>\n<p>[\/et_pb_blurb][\/et_pb_column][\/et_pb_row][et_pb_row _builder_version=&#8220;4.4.1&#8243; min_height=&#8220;777px&#8220; custom_margin=&#8220;0px|auto||auto||&#8220;][et_pb_column _builder_version=&#8220;4.4.1&#8243; type=&#8220;4_4&#8243;][et_pb_blurb _builder_version=&#8220;4.4.1&#8243; hover_enabled=&#8220;0&#8243; background_color=&#8220;rgba(12,113,195,0.08)&#8220; min_height=&#8220;604px&#8220; custom_margin=&#8220;34px|||||&#8220; custom_padding=&#8220;30px||22px|||&#8220;]<\/p>\n<p><span>My name is Cl\u00e9mence, I am 18 years old and I come from France. I did a 9-week internship at Pomberger Goisern to validate my first study year in International Business.<\/span><br \/> <span>Why Austria? I chose to do my internship in Austria because this country interested me a lot, moreover I wanted to see new things and improve my German, so Austria was logical for me.<\/span><\/p>\n<p><span>Why this company and not another one? I was very lucky to go to the SILMO show in Paris with my school, which is a happy coincidence because I love glasses and I wear it since I was 5 years old. When I visited the company&#8217;s booth, everyone was kind, welcoming, and passionate. I immediately knew that I wanted to work there.<\/span><\/p>\n<p><span>What did I do during my internship? I had two main jobs. Firstly, I had a marketing job that consisted of filtering old pictures, retaking them, taking pictures of the new frames, uploading them to the internet&#8230; Secondly, I worked on statistics to decide what would be the next target market. I had to put the statistics in an excel sheet and then I had to make many different graphs. Then I made reports for the distributors to show them the potential they have, and they can use, based on the statistics. I also worked in the shipping department to help them when they needed help. When I had time, I went there to prepare orders, sort temples or frames, log them in the system, put them in the right stock location&#8230;<\/span><\/p>\n<p><span>I really enjoyed my stay in Austria and realized that in the future I would like to work in a company like this, they welcomed me and trusted me as if I was their employee. All my colleagues were happy to work here and to share their knowledge with me, which was absolutely priceless. Thank you!<\/span><\/p>\n<p><em>Cl\u00e9mence<\/em><\/p>\n<p>[\/et_pb_blurb][\/et_pb_column][\/et_pb_row][\/et_pb_section][et_pb_section fb_built=&#8220;1&#8243; _builder_version=&#8220;3.22&#8243;][et_pb_row column_structure=&#8220;3_5,2_5&#8243; _builder_version=&#8220;3.25&#8243;][et_pb_column type=&#8220;3_5&#8243; _builder_version=&#8220;3.25&#8243; custom_padding=&#8220;|||&#8220; custom_padding__hover=&#8220;|||&#8220;][et_pb_text _builder_version=&#8220;3.27.4&#8243;]<\/p>\n<p>Selbstverst\u00e4ndlich ist auch eine Bewerbung <strong>ohne Google-Account<\/strong> m\u00f6glich. Verwende <br \/>dazu bitte unser Alternativformular. Solltest du dich dazu entscheiden, sende uns deinen Lebenslauf und weitere relevante Dokumente bitte an <a href=\"mailto:bewerbung@pomberger.com\">bewerbung@pomberger.com<\/a>.<\/p>\n<p>[\/et_pb_text][\/et_pb_column][et_pb_column type=&#8220;2_5&#8243; _builder_version=&#8220;3.25&#8243; custom_padding=&#8220;|||&#8220; custom_padding__hover=&#8220;|||&#8220;][et_pb_button button_url=&#8220;https:\/\/goo.gl\/forms\/T5v1AQkAibOsugia2&#8243; url_new_window=&#8220;on&#8220; button_text=&#8220;Alternativformular&#8220; button_alignment=&#8220;center&#8220; _builder_version=&#8220;3.19.18&#8243; custom_button=&#8220;on&#8220; button_text_color=&#8220;#9e9e9e&#8220; button_font=&#8220;||||||||&#8220;][\/et_pb_button][\/et_pb_column][\/et_pb_row][\/et_pb_section]<\/p>\n","protected":false},"excerpt":{"rendered":"<p>Bei uns kannst du durch ein Berufspraktikum Erfahrungen im B\u00fcroalltag sammeln. Willkommen sind sowohl Bewerbungen im Rahmen eines verpflichtenden Praktikums (z.B. von einer h\u00f6heren Schule), als auch auf freiwilliger Basis (z.B. Ferialjob). Verwaltung und Administration Datenpflege Schriftverkehr Rechnungswesen Logistik Beherrschung der Deutschen Rechtschreibung EDV Grundkenntnisse MS-Office Grundkenntnisse Gute Englisch-Kenntnisse Gewissenhafte Arbeitsweise Lernbereitschaft Richtet sich nach [&hellip;]<\/p>\n","protected":false},"author":1,"featured_media":0,"parent":0,"menu_order":0,"comment_status":"closed","ping_status":"closed","template":"","meta":{"_et_pb_use_builder":"on","_et_pb_old_content":"","_et_gb_content_width":"","footnotes":""},"class_list":["post-277","page","type-page","status-publish","hentry"],"_links":{"self":[{"href":"https:\/\/bewerbung.pomberger.com\/index.php?rest_route=\/wp\/v2\/pages\/277","targetHints":{"allow":["GET"]}}],"collection":[{"href":"https:\/\/bewerbung.pomberger.com\/index.php?rest_route=\/wp\/v2\/pages"}],"about":[{"href":"https:\/\/bewerbung.pomberger.com\/index.php?rest_route=\/wp\/v2\/types\/page"}],"author":[{"embeddable":true,"href":"https:\/\/bewerbung.pomberger.com\/index.php?rest_route=\/wp\/v2\/users\/1"}],"replies":[{"embeddable":true,"href":"https:\/\/bewerbung.pomberger.com\/index.php?rest_route=%2Fwp%2Fv2%2Fcomments&post=277"}],"version-history":[{"count":0,"href":"https:\/\/bewerbung.pomberger.com\/index.php?rest_route=\/wp\/v2\/pages\/277\/revisions"}],"wp:attachment":[{"href":"https:\/\/bewerbung.pomberger.com\/index.php?rest_route=%2Fwp%2Fv2%2Fmedia&parent=277"}],"curies":[{"name":"wp","href":"https:\/\/api.w.org\/{rel}","templated":true}]}}