{"id":241,"date":"2019-02-28T14:50:53","date_gmt":"2019-02-28T14:50:53","guid":{"rendered":"https:\/\/bewerbung.pomberger.com\/?page_id=241"},"modified":"2026-02-10T11:17:10","modified_gmt":"2026-02-10T10:17:10","slug":"bewerben-als-produktionsmitarbeiter-in","status":"publish","type":"page","link":"https:\/\/bewerbung.pomberger.com\/?page_id=241","title":{"rendered":"Bewerben als Produktionsmitarbeiter\/in"},"content":{"rendered":"<p>[et_pb_section fb_built=&#8220;1&#8243; fullwidth=&#8220;on&#8220; _builder_version=&#8220;4.16&#8243; global_colors_info=&#8220;{}&#8220;][et_pb_fullwidth_slider _builder_version=&#8220;4.16&#8243; background_image=&#8220;https:\/\/bewerbung.pomberger.com\/\/wp-content\/uploads\/2019\/02\/produktion.jpg&#8220; global_colors_info=&#8220;{}&#8220;][et_pb_slide heading=&#8220;Bewerben als Produktionsmitarbeiter\/in&#8220; use_bg_overlay=&#8220;on&#8220; _builder_version=&#8220;4.16&#8243; global_colors_info=&#8220;{}&#8220; sticky_transition=&#8220;on&#8220;][\/et_pb_slide][\/et_pb_fullwidth_slider][\/et_pb_section][et_pb_section fb_built=&#8220;1&#8243; _builder_version=&#8220;4.16&#8243; global_colors_info=&#8220;{}&#8220;][et_pb_row _builder_version=&#8220;4.16&#8243; global_colors_info=&#8220;{}&#8220;][et_pb_column type=&#8220;4_4&#8243; _builder_version=&#8220;4.16&#8243; custom_padding=&#8220;|||&#8220; global_colors_info=&#8220;{}&#8220; custom_padding__hover=&#8220;|||&#8220;][et_pb_blurb title=&#8220;DEIN Aufgabengebiet&#8220; use_icon=&#8220;on&#8220; _builder_version=&#8220;4.16&#8243; global_colors_info=&#8220;{}&#8220;]<\/p>\n<p>Dich erwartet eine leichte, aber abwechslungsreiche T\u00e4tigkeit in unserer ganz j\u00e4hrlich gleichm\u00e4\u00dfig beheizten (ca. 24 bis 26 \u00b0C) und L\u00e4rmarmen Produktionshalle in Bad Goisern am Hallst\u00e4ttersee.<\/p>\n<p>Du hilfst dabei mit, ein international beliebtes Fashion-Accessoire zu kreieren, und Brillentr\u00e4ger weltweit gl\u00fccklicher zu machen.<\/p>\n<p>Ein famili\u00e4res Miteinander ist uns dabei genauso wichtig, wie die richtige Work\/Life Balance jedes einzelnen in unserem Team.<\/p>\n<p>[\/et_pb_blurb][\/et_pb_column][\/et_pb_row][et_pb_row _builder_version=&#8220;4.16&#8243; global_colors_info=&#8220;{}&#8220;][et_pb_column type=&#8220;4_4&#8243; _builder_version=&#8220;4.16&#8243; custom_padding=&#8220;|||&#8220; global_colors_info=&#8220;{}&#8220; custom_padding__hover=&#8220;|||&#8220;][et_pb_blurb title=&#8220;Zu deinen AuFgaben geh\u00f6ren&#8220; use_icon=&#8220;on&#8220; _builder_version=&#8220;4.16&#8243; custom_margin=&#8220;||22px|||&#8220; global_colors_info=&#8220;{}&#8220;]<\/p>\n<ul>\n<li>Die Bedienung und das Einstellen von halbautomatischen Maschinen nach einer Einschulungsphase<\/li>\n<\/ul>\n<p>[\/et_pb_blurb][et_pb_video src=&#8220;https:\/\/www.youtube.com\/watch?v=y4Tnh_PFiV8&#8243; src_last_edited=&#8220;off|desktop&#8220; _builder_version=&#8220;4.16&#8243; width=&#8220;50%&#8220; width_tablet=&#8220;85%&#8220; width_phone=&#8220;90%&#8220; width_last_edited=&#8220;on|tablet&#8220; max_width=&#8220;1080px&#8220; module_alignment=&#8220;center&#8220; custom_margin=&#8220;-25px|||||&#8220; global_colors_info=&#8220;{}&#8220;][\/et_pb_video][et_pb_blurb use_icon=&#8220;on&#8220; _builder_version=&#8220;4.16&#8243; custom_margin=&#8220;||22px|||&#8220; global_colors_info=&#8220;{}&#8220;]<\/p>\n<ul>\n<li>Das Komplettieren von Kunststoff- und Metallteilen<\/li>\n<\/ul>\n<p>[\/et_pb_blurb][et_pb_video src=&#8220;https:\/\/www.youtube.com\/watch?v=5VW0ucrSA_Q&#8220; _builder_version=&#8220;4.16&#8243; width=&#8220;50%&#8220; width_tablet=&#8220;85%&#8220; width_phone=&#8220;90%&#8220; width_last_edited=&#8220;on|phone&#8220; max_width=&#8220;1080px&#8220; module_alignment=&#8220;center&#8220; custom_margin=&#8220;-25px||25px|||&#8220; global_colors_info=&#8220;{}&#8220;][\/et_pb_video][\/et_pb_column][\/et_pb_row][et_pb_row _builder_version=&#8220;4.16&#8243; custom_padding=&#8220;0|0px|27px|0px|false|false&#8220; global_colors_info=&#8220;{}&#8220;][et_pb_column type=&#8220;4_4&#8243; _builder_version=&#8220;4.16&#8243; custom_padding=&#8220;|||&#8220; global_colors_info=&#8220;{}&#8220; custom_padding__hover=&#8220;|||&#8220;][et_pb_blurb title=&#8220;UNSERE Anforderungen an dich&#8220; use_icon=&#8220;on&#8220; _builder_version=&#8220;4.16&#8243; global_colors_info=&#8220;{}&#8220;]<\/p>\n<p>Arbeiten mit Hausverstand ist f\u00fcr uns ebenso wichtig wie die F\u00e4higkeit zum strukturierten und selbstst\u00e4ndigen Arbeiten.<\/p>\n<p>F\u00fcr die Erweiterung unseres sympathischen Betriebsklimas suchen wir teamf\u00e4hige Menschen. EDV-Grundkenntnisse sind von Vorteil (einfache Tablet-Bedienung).<\/p>\n<p>[\/et_pb_blurb][\/et_pb_column][\/et_pb_row][et_pb_row _builder_version=&#8220;4.16&#8243; custom_padding=&#8220;0|0px|0|0px|false|false&#8220; global_colors_info=&#8220;{}&#8220;][et_pb_column type=&#8220;4_4&#8243; _builder_version=&#8220;4.16&#8243; custom_padding=&#8220;|||&#8220; global_colors_info=&#8220;{}&#8220; custom_padding__hover=&#8220;|||&#8220;][et_pb_blurb title=&#8220;LOHN&#8220; use_icon=&#8220;on&#8220; _builder_version=&#8220;4.16&#8243; global_colors_info=&#8220;{}&#8220;]<\/p>\n<p>Brutto-Jahreslohn:<span>\u00a0<\/span><strong>29,000 \u2013 35.000<span>\u00a0<\/span><\/strong>\u00a0EUR<span>\u00a0<\/span><em>(je nach Qualifikation und Verhandlungsbasis)<\/em><br \/><span><em>(Berechnungsstand 01.05.2025 \u2013 40h pro Woche)<\/em><\/span><\/p>\n<p>Gerne sind wir bei besonderen Vorkenntnissen und\/oder Berufserfahrung zur \u00dcberzahlung bereit.<\/p>\n<p><em>N\u00fctzliches Tool:<span>\u00a0<\/span><a href=\"https:\/\/onlinerechner.haude.at\/BMF-Brutto-Netto-Rechner\/\">Brutto-Netto-Rechner vom Bundesministerium Finanzen<\/a>\u00a0<\/em><\/p>\n<p><em><\/em><\/p>\n<p><em><\/em><\/p>\n<p>[\/et_pb_blurb][\/et_pb_column][\/et_pb_row][et_pb_row _builder_version=&#8220;4.16&#8243; custom_padding=&#8220;0|0px|27px|0px|false|false&#8220; global_colors_info=&#8220;{}&#8220;][et_pb_column type=&#8220;4_4&#8243; _builder_version=&#8220;4.16&#8243; custom_padding=&#8220;|||&#8220; global_colors_info=&#8220;{}&#8220; custom_padding__hover=&#8220;|||&#8220;][et_pb_blurb title=&#8220;Deine Dienstzeiten&#8220; use_icon=&#8220;on&#8220; _builder_version=&#8220;4.16&#8243; global_colors_info=&#8220;{}&#8220;]<\/p>\n<p>Vollzeit: <strong>40<\/strong> h pro Woche<\/p>\n<p>Normalarbeitszeiten:<\/p>\n<ul>\n<li>Mo &#8211; Do:\u00a0 \u00a007:00 &#8211; 16:00<\/li>\n<li>Fr:\u00a0 \u00a0 \u00a0 \u00a0 \u00a0 \u00a0 \u00a0 07:00 &#8211; 13:00<\/li>\n<\/ul>\n<p>Pausenzeiten:<\/p>\n<ul>\n<li>Mo &#8211; Fr:\u00a0 \u00a0 \u00a009:00 &#8211; 09:15<\/li>\n<li>Mo &#8211; Do:\u00a0 \u00a0 12:00 &#8211; 12:30<\/li>\n<\/ul>\n<p>Sommerarbeitszeiten (je nach Temperatur): <br \/>Arbeitsende\/Arbeitsbeginn je eine Stunde fr\u00fcher (wenn gew\u00fcnscht)<\/p>\n<p>Teilzeit: Ist je nach Vereinbarung nat\u00fcrlich auch m\u00f6glich.<\/p>\n<p>[\/et_pb_blurb][\/et_pb_column][\/et_pb_row][et_pb_row _builder_version=&#8220;4.16&#8243; global_colors_info=&#8220;{}&#8220;][et_pb_column type=&#8220;4_4&#8243; _builder_version=&#8220;4.16&#8243; custom_padding=&#8220;|||&#8220; global_colors_info=&#8220;{}&#8220; custom_padding__hover=&#8220;|||&#8220;][et_pb_blurb title=&#8220;Deine Bewerbung&#8220; use_icon=&#8220;on&#8220; _builder_version=&#8220;4.16&#8243; global_colors_info=&#8220;{}&#8220;]<\/p>\n<p>Danke f\u00fcr dein Interesse.<\/p>\n<p>Der erste Schritt deiner Bewerbung kann nur \u00fcber die Webseite erfolgen. In der zweiten Stufe kontaktieren wir dich telefonisch. So k\u00f6nnen wir uns etwas besser kennenlernen.<\/p>\n<p>In der darauf folgenden Stufe laden wir dich zu einem pers\u00f6nlichen Gespr\u00e4ch und zu einem Probearbeitstag bei uns in der Firma ein.<\/p>\n<p>[\/et_pb_blurb][\/et_pb_column][\/et_pb_row][et_pb_row _builder_version=&#8220;4.16&#8243; global_colors_info=&#8220;{}&#8220;][et_pb_column type=&#8220;4_4&#8243; _builder_version=&#8220;4.16&#8243; custom_padding=&#8220;|||&#8220; global_colors_info=&#8220;{}&#8220; custom_padding__hover=&#8220;|||&#8220;][et_pb_button button_url=&#8220;https:\/\/goo.gl\/forms\/rj5j6e4Y1sUbmk6o2&#8243; url_new_window=&#8220;on&#8220; button_text=&#8220;Jetzt online Bewerben&#8220; button_alignment=&#8220;center&#8220; _builder_version=&#8220;4.16&#8243; global_colors_info=&#8220;{}&#8220;][\/et_pb_button][\/et_pb_column][\/et_pb_row][\/et_pb_section][et_pb_section fb_built=&#8220;1&#8243; _builder_version=&#8220;4.16&#8243; global_colors_info=&#8220;{}&#8220;][et_pb_row column_structure=&#8220;3_5,2_5&#8243; _builder_version=&#8220;4.16&#8243; global_colors_info=&#8220;{}&#8220;][et_pb_column type=&#8220;3_5&#8243; _builder_version=&#8220;4.16&#8243; custom_padding=&#8220;|||&#8220; global_colors_info=&#8220;{}&#8220; custom_padding__hover=&#8220;|||&#8220;][et_pb_text _builder_version=&#8220;4.16&#8243; global_colors_info=&#8220;{}&#8220;]<\/p>\n<p>Selbstverst\u00e4ndlich ist auch eine Bewerbung <strong>ohne Google-Account<\/strong> m\u00f6glich. Verwende dazu bitte unser Alternativformular. Solltest du dich dazu entscheiden, sende uns deinen Lebenslauf und weitere relevante Dokumente bitte an <a href=\"mailto:bewerbung@pomberger.com\">bewerbung@pomberger.com<\/a>.<\/p>\n<p>[\/et_pb_text][\/et_pb_column][et_pb_column type=&#8220;2_5&#8243; _builder_version=&#8220;4.16&#8243; custom_padding=&#8220;|||&#8220; global_colors_info=&#8220;{}&#8220; custom_padding__hover=&#8220;|||&#8220;][et_pb_button button_url=&#8220;https:\/\/goo.gl\/forms\/ElHUr6TOgB7EbW2i1&#8243; url_new_window=&#8220;on&#8220; button_text=&#8220;Alternativformular&#8220; button_alignment=&#8220;center&#8220; _builder_version=&#8220;4.16&#8243; custom_button=&#8220;on&#8220; button_text_color=&#8220;#9e9e9e&#8220; button_font=&#8220;||||||||&#8220; global_colors_info=&#8220;{}&#8220;][\/et_pb_button][\/et_pb_column][\/et_pb_row][\/et_pb_section]<\/p>\n","protected":false},"excerpt":{"rendered":"<p>Dich erwartet eine leichte, aber abwechslungsreiche T\u00e4tigkeit in unserer ganz j\u00e4hrlich gleichm\u00e4\u00dfig beheizten (ca. 24 bis 26 \u00b0C) und L\u00e4rmarmen Produktionshalle in Bad Goisern am Hallst\u00e4ttersee. Du hilfst dabei mit, ein international beliebtes Fashion-Accessoire zu kreieren, und Brillentr\u00e4ger weltweit gl\u00fccklicher zu machen. Ein famili\u00e4res Miteinander ist uns dabei genauso wichtig, wie die richtige Work\/Life Balance [&hellip;]<\/p>\n","protected":false},"author":1,"featured_media":0,"parent":0,"menu_order":0,"comment_status":"closed","ping_status":"closed","template":"","meta":{"_et_pb_use_builder":"on","_et_pb_old_content":"","_et_gb_content_width":"","footnotes":""},"class_list":["post-241","page","type-page","status-publish","hentry"],"_links":{"self":[{"href":"https:\/\/bewerbung.pomberger.com\/index.php?rest_route=\/wp\/v2\/pages\/241","targetHints":{"allow":["GET"]}}],"collection":[{"href":"https:\/\/bewerbung.pomberger.com\/index.php?rest_route=\/wp\/v2\/pages"}],"about":[{"href":"https:\/\/bewerbung.pomberger.com\/index.php?rest_route=\/wp\/v2\/types\/page"}],"author":[{"embeddable":true,"href":"https:\/\/bewerbung.pomberger.com\/index.php?rest_route=\/wp\/v2\/users\/1"}],"replies":[{"embeddable":true,"href":"https:\/\/bewerbung.pomberger.com\/index.php?rest_route=%2Fwp%2Fv2%2Fcomments&post=241"}],"version-history":[{"count":0,"href":"https:\/\/bewerbung.pomberger.com\/index.php?rest_route=\/wp\/v2\/pages\/241\/revisions"}],"wp:attachment":[{"href":"https:\/\/bewerbung.pomberger.com\/index.php?rest_route=%2Fwp%2Fv2%2Fmedia&parent=241"}],"curies":[{"name":"wp","href":"https:\/\/api.w.org\/{rel}","templated":true}]}}